{"id":13,"date":"2023-09-06T14:08:04","date_gmt":"2023-09-06T14:08:04","guid":{"rendered":"https:\/\/demosites.royal-elementor-addons.com\/solar-energy-v1\/?page_id=13"},"modified":"2025-02-18T23:37:34","modified_gmt":"2025-02-18T23:37:34","slug":"detail-service","status":"publish","type":"page","link":"https:\/\/gdsinmobiliaria.com\/?page_id=13","title":{"rendered":"Quienes somos"},"content":{"rendered":"\t\t<div data-elementor-type=\"wp-page\" data-elementor-id=\"13\" class=\"elementor elementor-13\" data-elementor-post-type=\"page\">\n\t\t\t\t\t\t<section class=\"elementor-section elementor-top-section elementor-element elementor-element-f2827fe elementor-section-height-min-height elementor-section-boxed elementor-section-height-default elementor-section-items-middle wpr-particle-no wpr-sticky-section-no wpr-equal-height-no\" data-id=\"f2827fe\" data-element_type=\"section\" data-e-type=\"section\" data-settings=\"{&quot;background_background&quot;:&quot;classic&quot;}\">\n\t\t\t\t\t\t\t<div class=\"elementor-background-overlay\"><\/div>\n\t\t\t\t\t\t\t<div class=\"elementor-container elementor-column-gap-default\">\n\t\t\t\t\t<div class=\"elementor-column elementor-col-100 elementor-top-column elementor-element elementor-element-797d332\" data-id=\"797d332\" data-element_type=\"column\" data-e-type=\"column\">\n\t\t\t<div class=\"elementor-widget-wrap elementor-element-populated\">\n\t\t\t\t\t\t<div class=\"elementor-element elementor-element-6c5a67d elementor-widget elementor-widget-theme-site-logo elementor-widget-image\" data-id=\"6c5a67d\" data-element_type=\"widget\" data-e-type=\"widget\" data-widget_type=\"theme-site-logo.default\">\n\t\t\t\t<div class=\"elementor-widget-container\">\n\t\t\t\t\t\t\t\t\t\t\t<a href=\"https:\/\/gdsinmobiliaria.com\">\n\t\t\t<img fetchpriority=\"high\" decoding=\"async\" width=\"720\" height=\"432\" src=\"https:\/\/gdsinmobiliaria.com\/wp-content\/uploads\/2024\/06\/GDS-LOGO.png\" class=\"attachment-full size-full wp-image-603\" alt=\"\" srcset=\"https:\/\/gdsinmobiliaria.com\/wp-content\/uploads\/2024\/06\/GDS-LOGO.png 720w, https:\/\/gdsinmobiliaria.com\/wp-content\/uploads\/2024\/06\/GDS-LOGO-500x300.png 500w, https:\/\/gdsinmobiliaria.com\/wp-content\/uploads\/2024\/06\/GDS-LOGO-300x180.png 300w, https:\/\/gdsinmobiliaria.com\/wp-content\/uploads\/2024\/06\/GDS-LOGO-125x75.png 125w, https:\/\/gdsinmobiliaria.com\/wp-content\/uploads\/2024\/06\/GDS-LOGO-480x288.png 480w\" sizes=\"(max-width: 720px) 100vw, 720px\" \/>\t\t\t\t<\/a>\n\t\t\t\t\t\t\t\t\t\t\t<\/div>\n\t\t\t\t<\/div>\n\t\t\t\t<div class=\"elementor-element elementor-element-a22d1d4 elementor-widget elementor-widget-heading\" data-id=\"a22d1d4\" data-element_type=\"widget\" data-e-type=\"widget\" data-widget_type=\"heading.default\">\n\t\t\t\t<div class=\"elementor-widget-container\">\n\t\t\t\t\t<h2 class=\"elementor-heading-title elementor-size-default\">NUESTRA HISTORIA<\/h2>\t\t\t\t<\/div>\n\t\t\t\t<\/div>\n\t\t\t\t<div class=\"elementor-element elementor-element-687c196 elementor-widget elementor-widget-text-editor\" data-id=\"687c196\" data-element_type=\"widget\" data-e-type=\"widget\" data-widget_type=\"text-editor.default\">\n\t\t\t\t<div class=\"elementor-widget-container\">\n\t\t\t\t\t\t\t\t\tGrupo Desarrollador Sequoya fue constituido por socios provenientes de algunas de las empresas m\u00e1s destacadas e influyentes del sector inmobiliario y de la construcci\u00f3n, con el prop\u00f3sito de integrar su vasto conocimiento y experiencia en el desarrollo inmobiliario, junto con la adopci\u00f3n de nuevas tecnolog\u00edas, m\u00e9todos y productos innovadores de la industria. Esta fusi\u00f3n nos permite ofrecer una cartera diversificada de productos y servicios tanto para el sector privado como para el p\u00fablico.\n<br><br>Nuestro equipo esta conformado por profesionales altamente calificados, incluyendo ingenieros, arquitectos, abogados y contadores, con una amplia trayectoria en el \u00e1mbito inmobiliario, habiendo participado en proyectos en Am\u00e9rica Latina que suman m\u00e1s de 250,000 viviendas, adem\u00e1s de toda la infraestructura necesaria para su ejecuci\u00f3n.\t\t\t\t\t\t\t\t<\/div>\n\t\t\t\t<\/div>\n\t\t\t\t\t<\/div>\n\t\t<\/div>\n\t\t\t\t\t<\/div>\n\t\t<\/section>\n\t\t\t\t<section class=\"elementor-section elementor-top-section elementor-element elementor-element-a7964e9 elementor-section-boxed elementor-section-height-default elementor-section-height-default wpr-particle-no wpr-sticky-section-no wpr-equal-height-no\" data-id=\"a7964e9\" data-element_type=\"section\" data-e-type=\"section\" data-settings=\"{&quot;background_background&quot;:&quot;classic&quot;}\">\n\t\t\t\t\t\t\t<div class=\"elementor-background-overlay\"><\/div>\n\t\t\t\t\t\t\t<div class=\"elementor-container elementor-column-gap-default\">\n\t\t\t\t\t<div class=\"elementor-column elementor-col-100 elementor-top-column elementor-element elementor-element-ce810d4 elementor-invisible\" data-id=\"ce810d4\" data-element_type=\"column\" data-e-type=\"column\" data-settings=\"{&quot;animation&quot;:&quot;slideInDown&quot;}\">\n\t\t\t<div class=\"elementor-widget-wrap elementor-element-populated\">\n\t\t\t\t\t\t<div class=\"elementor-element elementor-element-953225a wpr-feature-list-left wpr-feature-list-square wpr-feature-list-line-yes elementor-widget elementor-widget-wpr-feature-list\" data-id=\"953225a\" data-element_type=\"widget\" data-e-type=\"widget\" data-widget_type=\"wpr-feature-list.default\">\n\t\t\t\t<div class=\"elementor-widget-container\">\n\t\t\t\t\t<div class=\"wpr-feature-list-wrap\"><ul class=\"wpr-feature-list\"><li class=\"wpr-feature-list-item elementor-repeater-item-c0b41e1\"><div class=\"wpr-feature-list-icon-wrap\"><span class=\"wpr-feature-list-line\"><\/span><div class=\"wpr-feature-list-icon-inner-wrap\"><i aria-hidden=\"true\" class=\"fas fa-undo-alt\"><\/i><\/div><\/div><div class=\"wpr-feature-list-content-wrap\"><h2 class=\"wpr-feature-list-title\"><a class=\"wpr-feature-list-url\" target=\"_blank\" rel=\"nofollow\">Misi\u00f3n<\/a><\/h2><p class=\"wpr-feature-list-description\">Nuestra misi\u00f3n es convertirnos en la constructora de infraestructura p\u00fablica y desarrolladora de vivienda m\u00e1s rentable y confiable de Latinoam\u00e9rica, ofreciendo productos de alta calidad, con precios competitivos y un firme compromiso con la durabilidad y seguridad.\nNos enfocamos en desarrollar soluciones que superen las expectativas de nuestros clientes, mientras cultivamos relaciones a largo plazo basadas en la \u00e9tica, la confianza y los m\u00e1s altos valores universales.<\/p><\/div><\/li><li class=\"wpr-feature-list-item elementor-repeater-item-99ca752\"><div class=\"wpr-feature-list-icon-wrap\"><span class=\"wpr-feature-list-line\"><\/span><div class=\"wpr-feature-list-icon-inner-wrap\"><i aria-hidden=\"true\" class=\"far fa-lightbulb\"><\/i><\/div><\/div><div class=\"wpr-feature-list-content-wrap\"><h2 class=\"wpr-feature-list-title\"><a class=\"wpr-feature-list-url\" target=\"_blank\" rel=\"nofollow\">Visi\u00f3n<\/a><\/h2><p class=\"wpr-feature-list-description\">Estamos convencidos de que el desarrollo sostenible de un pa\u00eds depende de la eficiencia, confiabilidad, durabilidad y rentabilidad de su infraestructura. Reconocemos que en M\u00e9xico existe una necesidad urgente de empresas que, adem\u00e1s de ser rentables, no\ncomprometan la calidad de sus productos ni los principios \u00e9ticos en la b\u00fasqueda de beneficios.\n\n<br><br>Nuestra empresa est\u00e1 fundamentada en la creaci\u00f3n de relaciones a largo plazo, el respeto a los valores humanos y la entrega de productos y servicios que exceden las expectativas de nuestros clientes. Con un enfoque estrat\u00e9gico a largo plazo, nuestro principal objetivo es ser un socio confiable en quien nuestros clientes puedan delegar sus proyectos con total confianza, sabiendo que cumpliremos con los m\u00e1s altos est\u00e1ndares de calidad y \u00e9tica, sin perder de vista la rentabilidad y sostenibilidad de nuestro negocio.<\/p><\/div><\/li><\/ul><\/div>\t\t\t\t<\/div>\n\t\t\t\t<\/div>\n\t\t\t\t\t<\/div>\n\t\t<\/div>\n\t\t\t\t\t<\/div>\n\t\t<\/section>\n\t\t\t\t<section class=\"elementor-section elementor-top-section elementor-element elementor-element-cd1e87a elementor-section-boxed elementor-section-height-default elementor-section-height-default wpr-particle-no wpr-sticky-section-no wpr-equal-height-no elementor-invisible\" data-id=\"cd1e87a\" data-element_type=\"section\" data-e-type=\"section\" data-settings=\"{&quot;animation&quot;:&quot;zoomIn&quot;}\">\n\t\t\t\t\t\t<div class=\"elementor-container elementor-column-gap-default\">\n\t\t\t\t\t<div class=\"elementor-column elementor-col-100 elementor-top-column elementor-element elementor-element-20414f6\" data-id=\"20414f6\" data-element_type=\"column\" data-e-type=\"column\" data-settings=\"{&quot;background_background&quot;:&quot;classic&quot;}\">\n\t\t\t<div class=\"elementor-widget-wrap elementor-element-populated\">\n\t\t\t\t\t\t<section class=\"elementor-section elementor-inner-section elementor-element elementor-element-8b4517c elementor-section-boxed elementor-section-height-default elementor-section-height-default wpr-particle-no wpr-sticky-section-no wpr-equal-height-no\" data-id=\"8b4517c\" data-element_type=\"section\" data-e-type=\"section\">\n\t\t\t\t\t\t<div class=\"elementor-container elementor-column-gap-default\">\n\t\t\t\t\t<div class=\"elementor-column elementor-col-33 elementor-inner-column elementor-element elementor-element-c0b163d\" data-id=\"c0b163d\" data-element_type=\"column\" data-e-type=\"column\">\n\t\t\t<div class=\"elementor-widget-wrap elementor-element-populated\">\n\t\t\t\t\t\t<div class=\"elementor-element elementor-element-c313e64 elementor-widget elementor-widget-heading\" data-id=\"c313e64\" data-element_type=\"widget\" data-e-type=\"widget\" data-widget_type=\"heading.default\">\n\t\t\t\t<div class=\"elementor-widget-container\">\n\t\t\t\t\t<h2 class=\"elementor-heading-title elementor-size-default\">PORQUE ESCOGERNOS<\/h2>\t\t\t\t<\/div>\n\t\t\t\t<\/div>\n\t\t\t\t<div class=\"elementor-element elementor-element-ccd11ba elementor-widget elementor-widget-heading\" data-id=\"ccd11ba\" data-element_type=\"widget\" data-e-type=\"widget\" data-widget_type=\"heading.default\">\n\t\t\t\t<div class=\"elementor-widget-container\">\n\t\t\t\t\t<h2 class=\"elementor-heading-title elementor-size-default\">\u00c9TICA Y COMPROMISO DE CALIDAD<\/h2>\t\t\t\t<\/div>\n\t\t\t\t<\/div>\n\t\t\t\t<div class=\"elementor-element elementor-element-1db13d2 elementor-widget elementor-widget-text-editor\" data-id=\"1db13d2\" data-element_type=\"widget\" data-e-type=\"widget\" data-widget_type=\"text-editor.default\">\n\t\t\t\t<div class=\"elementor-widget-container\">\n\t\t\t\t\t\t\t\t\t<p>Nuestra cultura organizacional se basa en la \u00e9tica y los valores.<\/p>\t\t\t\t\t\t\t\t<\/div>\n\t\t\t\t<\/div>\n\t\t\t\t\t<\/div>\n\t\t<\/div>\n\t\t\t\t<div class=\"elementor-column elementor-col-33 elementor-inner-column elementor-element elementor-element-efaefd6\" data-id=\"efaefd6\" data-element_type=\"column\" data-e-type=\"column\">\n\t\t\t<div class=\"elementor-widget-wrap elementor-element-populated\">\n\t\t\t\t\t\t<div class=\"elementor-element elementor-element-dffeff6 elementor-view-stacked elementor-shape-square elementor-position-inline-start elementor-mobile-position-block-start elementor-widget elementor-widget-icon-box\" data-id=\"dffeff6\" data-element_type=\"widget\" data-e-type=\"widget\" data-widget_type=\"icon-box.default\">\n\t\t\t\t<div class=\"elementor-widget-container\">\n\t\t\t\t\t\t\t<div class=\"elementor-icon-box-wrapper\">\n\n\t\t\t\t\t\t<div class=\"elementor-icon-box-icon\">\n\t\t\t\t<span  class=\"elementor-icon\">\n\t\t\t\t<i aria-hidden=\"true\" class=\"far fa-check-circle\"><\/i>\t\t\t\t<\/span>\n\t\t\t<\/div>\n\t\t\t\n\t\t\t\t\t\t<div class=\"elementor-icon-box-content\">\n\n\t\t\t\t\t\t\t\t\t<h3 class=\"elementor-icon-box-title\">\n\t\t\t\t\t\t<span  >\n\t\t\t\t\t\t\tResponsabilidad\t\t\t\t\t\t<\/span>\n\t\t\t\t\t<\/h3>\n\t\t\t\t\n\t\t\t\t\t\t\t\t\t<p class=\"elementor-icon-box-description\">\n\t\t\t\t\t\tCumplimos con nuestros compromisos, garantizando la calidad y entrega oportuna en cada proyecto.\t\t\t\t\t<\/p>\n\t\t\t\t\n\t\t\t<\/div>\n\t\t\t\n\t\t<\/div>\n\t\t\t\t\t\t<\/div>\n\t\t\t\t<\/div>\n\t\t\t\t<div class=\"elementor-element elementor-element-4caa11c elementor-view-stacked elementor-shape-square elementor-position-inline-start elementor-mobile-position-block-start elementor-widget elementor-widget-icon-box\" data-id=\"4caa11c\" data-element_type=\"widget\" data-e-type=\"widget\" data-widget_type=\"icon-box.default\">\n\t\t\t\t<div class=\"elementor-widget-container\">\n\t\t\t\t\t\t\t<div class=\"elementor-icon-box-wrapper\">\n\n\t\t\t\t\t\t<div class=\"elementor-icon-box-icon\">\n\t\t\t\t<span  class=\"elementor-icon\">\n\t\t\t\t<i aria-hidden=\"true\" class=\"far fa-check-circle\"><\/i>\t\t\t\t<\/span>\n\t\t\t<\/div>\n\t\t\t\n\t\t\t\t\t\t<div class=\"elementor-icon-box-content\">\n\n\t\t\t\t\t\t\t\t\t<h3 class=\"elementor-icon-box-title\">\n\t\t\t\t\t\t<span  >\n\t\t\t\t\t\t\tConstancia\t\t\t\t\t\t<\/span>\n\t\t\t\t\t<\/h3>\n\t\t\t\t\n\t\t\t\t\t\t\t\t\t<p class=\"elementor-icon-box-description\">\n\t\t\t\t\t\tMantenemos una dedicaci\u00f3n constante en la mejora continua y en la superaci\u00f3n de desaf\u00edos.\t\t\t\t\t<\/p>\n\t\t\t\t\n\t\t\t<\/div>\n\t\t\t\n\t\t<\/div>\n\t\t\t\t\t\t<\/div>\n\t\t\t\t<\/div>\n\t\t\t\t<div class=\"elementor-element elementor-element-d326550 elementor-view-stacked elementor-shape-square elementor-position-inline-start elementor-mobile-position-block-start elementor-widget elementor-widget-icon-box\" data-id=\"d326550\" data-element_type=\"widget\" data-e-type=\"widget\" data-widget_type=\"icon-box.default\">\n\t\t\t\t<div class=\"elementor-widget-container\">\n\t\t\t\t\t\t\t<div class=\"elementor-icon-box-wrapper\">\n\n\t\t\t\t\t\t<div class=\"elementor-icon-box-icon\">\n\t\t\t\t<span  class=\"elementor-icon\">\n\t\t\t\t<i aria-hidden=\"true\" class=\"far fa-check-circle\"><\/i>\t\t\t\t<\/span>\n\t\t\t<\/div>\n\t\t\t\n\t\t\t\t\t\t<div class=\"elementor-icon-box-content\">\n\n\t\t\t\t\t\t\t\t\t<h3 class=\"elementor-icon-box-title\">\n\t\t\t\t\t\t<span  >\n\t\t\t\t\t\t\tPasi\u00f3n\t\t\t\t\t\t<\/span>\n\t\t\t\t\t<\/h3>\n\t\t\t\t\n\t\t\t\t\t\t\t\t\t<p class=\"elementor-icon-box-description\">\n\t\t\t\t\t\tNos motiva la pasi\u00f3n por lo que hacemos, impuls\u00e1ndonos\t\t\t\t\t<\/p>\n\t\t\t\t\n\t\t\t<\/div>\n\t\t\t\n\t\t<\/div>\n\t\t\t\t\t\t<\/div>\n\t\t\t\t<\/div>\n\t\t\t\t\t<\/div>\n\t\t<\/div>\n\t\t\t\t<div class=\"elementor-column elementor-col-33 elementor-inner-column elementor-element elementor-element-3dfbe47\" data-id=\"3dfbe47\" data-element_type=\"column\" data-e-type=\"column\">\n\t\t\t<div class=\"elementor-widget-wrap elementor-element-populated\">\n\t\t\t\t\t\t<div class=\"elementor-element elementor-element-0151d71 elementor-view-stacked elementor-shape-square elementor-position-inline-start elementor-mobile-position-block-start elementor-widget elementor-widget-icon-box\" data-id=\"0151d71\" data-element_type=\"widget\" data-e-type=\"widget\" data-widget_type=\"icon-box.default\">\n\t\t\t\t<div class=\"elementor-widget-container\">\n\t\t\t\t\t\t\t<div class=\"elementor-icon-box-wrapper\">\n\n\t\t\t\t\t\t<div class=\"elementor-icon-box-icon\">\n\t\t\t\t<span  class=\"elementor-icon\">\n\t\t\t\t<i aria-hidden=\"true\" class=\"far fa-check-circle\"><\/i>\t\t\t\t<\/span>\n\t\t\t<\/div>\n\t\t\t\n\t\t\t\t\t\t<div class=\"elementor-icon-box-content\">\n\n\t\t\t\t\t\t\t\t\t<h3 class=\"elementor-icon-box-title\">\n\t\t\t\t\t\t<span  >\n\t\t\t\t\t\t\tExcelencia\t\t\t\t\t\t<\/span>\n\t\t\t\t\t<\/h3>\n\t\t\t\t\n\t\t\t\t\t\t\t\t\t<p class=\"elementor-icon-box-description\">\n\t\t\t\t\t\tNos esforzamos por alcanzar la perfecci\u00f3n en todos los aspectos de nuestro trabajo, buscando siempre superar expectativas.\t\t\t\t\t<\/p>\n\t\t\t\t\n\t\t\t<\/div>\n\t\t\t\n\t\t<\/div>\n\t\t\t\t\t\t<\/div>\n\t\t\t\t<\/div>\n\t\t\t\t<div class=\"elementor-element elementor-element-b7644cb elementor-view-stacked elementor-shape-square elementor-position-inline-start elementor-mobile-position-block-start elementor-widget elementor-widget-icon-box\" data-id=\"b7644cb\" data-element_type=\"widget\" data-e-type=\"widget\" data-widget_type=\"icon-box.default\">\n\t\t\t\t<div class=\"elementor-widget-container\">\n\t\t\t\t\t\t\t<div class=\"elementor-icon-box-wrapper\">\n\n\t\t\t\t\t\t<div class=\"elementor-icon-box-icon\">\n\t\t\t\t<span  class=\"elementor-icon\">\n\t\t\t\t<i aria-hidden=\"true\" class=\"far fa-check-circle\"><\/i>\t\t\t\t<\/span>\n\t\t\t<\/div>\n\t\t\t\n\t\t\t\t\t\t<div class=\"elementor-icon-box-content\">\n\n\t\t\t\t\t\t\t\t\t<h3 class=\"elementor-icon-box-title\">\n\t\t\t\t\t\t<span  >\n\t\t\t\t\t\t\tProactividad\t\t\t\t\t\t<\/span>\n\t\t\t\t\t<\/h3>\n\t\t\t\t\n\t\t\t\t\t\t\t\t\t<p class=\"elementor-icon-box-description\">\n\t\t\t\t\t\tAnticipamos oportunidades y desaf\u00edos, tomando la iniciativa para ofrecer soluciones efectivas.\t\t\t\t\t<\/p>\n\t\t\t\t\n\t\t\t<\/div>\n\t\t\t\n\t\t<\/div>\n\t\t\t\t\t\t<\/div>\n\t\t\t\t<\/div>\n\t\t\t\t<div class=\"elementor-element elementor-element-4d79ce7 elementor-view-stacked elementor-shape-square elementor-position-inline-start elementor-mobile-position-block-start elementor-widget elementor-widget-icon-box\" data-id=\"4d79ce7\" data-element_type=\"widget\" data-e-type=\"widget\" data-widget_type=\"icon-box.default\">\n\t\t\t\t<div class=\"elementor-widget-container\">\n\t\t\t\t\t\t\t<div class=\"elementor-icon-box-wrapper\">\n\n\t\t\t\t\t\t<div class=\"elementor-icon-box-icon\">\n\t\t\t\t<span  class=\"elementor-icon\">\n\t\t\t\t<i aria-hidden=\"true\" class=\"far fa-check-circle\"><\/i>\t\t\t\t<\/span>\n\t\t\t<\/div>\n\t\t\t\n\t\t\t\t\t\t<div class=\"elementor-icon-box-content\">\n\n\t\t\t\t\t\t\t\t\t<h3 class=\"elementor-icon-box-title\">\n\t\t\t\t\t\t<span  >\n\t\t\t\t\t\t\tRespeto y Empat\u00eda\t\t\t\t\t\t<\/span>\n\t\t\t\t\t<\/h3>\n\t\t\t\t\n\t\t\t\t\t\t\t\t\t<p class=\"elementor-icon-box-description\">\n\t\t\t\t\t\tValoramos las relaciones humanas, promoviendo un ambiente de respeto y entendimiento tanto dentro como fuera de la empresa.\t\t\t\t\t<\/p>\n\t\t\t\t\n\t\t\t<\/div>\n\t\t\t\n\t\t<\/div>\n\t\t\t\t\t\t<\/div>\n\t\t\t\t<\/div>\n\t\t\t\t\t<\/div>\n\t\t<\/div>\n\t\t\t\t\t<\/div>\n\t\t<\/section>\n\t\t\t\t\t<\/div>\n\t\t<\/div>\n\t\t\t\t\t<\/div>\n\t\t<\/section>\n\t\t\t\t<\/div>\n\t\t","protected":false},"excerpt":{"rendered":"<p>NUESTRA HISTORIA Grupo Desarrollador Sequoya fue constituido por socios provenientes de algunas de las empresas m\u00e1s destacadas e influyentes del sector inmobiliario y de la construcci\u00f3n, con el prop\u00f3sito de integrar su vasto conocimiento y experiencia en el desarrollo inmobiliario, junto con la adopci\u00f3n de nuevas tecnolog\u00edas, m\u00e9todos y productos innovadores de la industria. Esta fusi\u00f3n nos permite ofrecer una cartera diversificada de productos y servicios tanto para el sector privado como para el p\u00fablico. Nuestro equipo esta conformado por profesionales altamente calificados, incluyendo ingenieros, arquitectos, abogados y contadores, con una amplia trayectoria en el \u00e1mbito inmobiliario, habiendo participado en proyectos en Am\u00e9rica Latina que suman m\u00e1s de 250,000 viviendas, adem\u00e1s de toda la infraestructura necesaria para su ejecuci\u00f3n. Misi\u00f3n Nuestra misi\u00f3n es convertirnos en la constructora de infraestructura p\u00fablica y desarrolladora de vivienda m\u00e1s rentable y confiable de Latinoam\u00e9rica, ofreciendo productos de alta calidad, con precios competitivos y un firme compromiso con la durabilidad y seguridad. Nos enfocamos en desarrollar soluciones que superen las expectativas de nuestros clientes, mientras cultivamos relaciones a largo plazo basadas en la \u00e9tica, la confianza y los m\u00e1s altos valores universales. Visi\u00f3n Estamos convencidos de que el desarrollo sostenible de un pa\u00eds depende de la eficiencia, confiabilidad, durabilidad y rentabilidad de su infraestructura. Reconocemos que en M\u00e9xico existe una necesidad urgente de empresas que, adem\u00e1s de ser rentables, no comprometan la calidad de sus productos ni los principios \u00e9ticos en la b\u00fasqueda de beneficios. Nuestra empresa est\u00e1 fundamentada en la creaci\u00f3n de relaciones a largo plazo, el respeto a los valores humanos y la entrega de productos y servicios que exceden las expectativas de nuestros clientes. Con un enfoque estrat\u00e9gico a largo plazo, nuestro principal objetivo es ser un socio confiable en quien nuestros clientes puedan delegar sus proyectos con total confianza, sabiendo que cumpliremos con los m\u00e1s altos est\u00e1ndares de calidad y \u00e9tica, sin perder de vista la rentabilidad y sostenibilidad de nuestro negocio. PORQUE ESCOGERNOS \u00c9TICA Y COMPROMISO DE CALIDAD Nuestra cultura organizacional se basa en la \u00e9tica y los valores. Responsabilidad Cumplimos con nuestros compromisos, garantizando la calidad y entrega oportuna en cada proyecto. Constancia Mantenemos una dedicaci\u00f3n constante en la mejora continua y en la superaci\u00f3n de desaf\u00edos. Pasi\u00f3n Nos motiva la pasi\u00f3n por lo que hacemos, impuls\u00e1ndonos Excelencia Nos esforzamos por alcanzar la perfecci\u00f3n en todos los aspectos de nuestro trabajo, buscando siempre superar expectativas. Proactividad Anticipamos oportunidades y desaf\u00edos, tomando la iniciativa para ofrecer soluciones efectivas. Respeto y Empat\u00eda Valoramos las relaciones humanas, promoviendo un ambiente de respeto y entendimiento tanto dentro como fuera de la empresa.<\/p>\n","protected":false},"author":1,"featured_media":0,"parent":0,"menu_order":0,"comment_status":"closed","ping_status":"closed","template":"elementor_canvas","meta":{"footnotes":""},"class_list":["post-13","page","type-page","status-publish","hentry"],"_links":{"self":[{"href":"https:\/\/gdsinmobiliaria.com\/index.php?rest_route=\/wp\/v2\/pages\/13","targetHints":{"allow":["GET"]}}],"collection":[{"href":"https:\/\/gdsinmobiliaria.com\/index.php?rest_route=\/wp\/v2\/pages"}],"about":[{"href":"https:\/\/gdsinmobiliaria.com\/index.php?rest_route=\/wp\/v2\/types\/page"}],"author":[{"embeddable":true,"href":"https:\/\/gdsinmobiliaria.com\/index.php?rest_route=\/wp\/v2\/users\/1"}],"replies":[{"embeddable":true,"href":"https:\/\/gdsinmobiliaria.com\/index.php?rest_route=%2Fwp%2Fv2%2Fcomments&post=13"}],"version-history":[{"count":22,"href":"https:\/\/gdsinmobiliaria.com\/index.php?rest_route=\/wp\/v2\/pages\/13\/revisions"}],"predecessor-version":[{"id":2665,"href":"https:\/\/gdsinmobiliaria.com\/index.php?rest_route=\/wp\/v2\/pages\/13\/revisions\/2665"}],"wp:attachment":[{"href":"https:\/\/gdsinmobiliaria.com\/index.php?rest_route=%2Fwp%2Fv2%2Fmedia&parent=13"}],"curies":[{"name":"wp","href":"https:\/\/api.w.org\/{rel}","templated":true}]}}